{"id":8792,"date":"2025-02-21T00:03:33","date_gmt":"2025-02-20T23:03:33","guid":{"rendered":"https:\/\/www.nidextechnology.com\/dienstleistungen\/automatisierung\/verkabelung\/"},"modified":"2025-05-12T19:38:20","modified_gmt":"2025-05-12T17:38:20","slug":"verkabelung","status":"publish","type":"page","link":"https:\/\/www.nidextechnology.com\/de\/dienstleistungen\/automatisierung\/verkabelung\/","title":{"rendered":"Verkabelung"},"content":{"rendered":"\t\t<div data-elementor-type=\"wp-page\" data-elementor-id=\"8792\" class=\"elementor elementor-8792 elementor-6473\" data-elementor-post-type=\"page\">\n\t\t\t\t<div class=\"elementor-element elementor-element-88ad723 e-flex e-con-boxed e-con e-parent\" data-id=\"88ad723\" data-element_type=\"container\" data-e-type=\"container\">\n\t\t\t\t\t<div class=\"e-con-inner\">\n\t\t<div class=\"elementor-element elementor-element-bcb45ee e-con-full e-flex e-con e-child\" data-id=\"bcb45ee\" data-element_type=\"container\" data-e-type=\"container\">\n\t\t\t\t<div class=\"elementor-element elementor-element-edd189b elementor-invisible elementor-widget elementor-widget-heading\" data-id=\"edd189b\" data-element_type=\"widget\" data-e-type=\"widget\" data-settings=\"{&quot;_animation&quot;:&quot;slideInUp&quot;}\" data-widget_type=\"heading.default\">\n\t\t\t\t<div class=\"elementor-widget-container\">\n\t\t\t\t\t<h1 class=\"elementor-heading-title elementor-size-default\">Vom Entwurf \u00fcber die Installation bis zur Wiederherstellung<\/h1>\t\t\t\t<\/div>\n\t\t\t\t<\/div>\n\t\t\t\t<div class=\"elementor-element elementor-element-50ff040 elementor-widget elementor-widget-spacer\" data-id=\"50ff040\" data-element_type=\"widget\" data-e-type=\"widget\" data-widget_type=\"spacer.default\">\n\t\t\t\t<div class=\"elementor-widget-container\">\n\t\t\t\t\t\t\t<div class=\"elementor-spacer\">\n\t\t\t<div class=\"elementor-spacer-inner\"><\/div>\n\t\t<\/div>\n\t\t\t\t\t\t<\/div>\n\t\t\t\t<\/div>\n\t\t\t\t<div class=\"elementor-element elementor-element-568d7bd elementor-invisible elementor-widget elementor-widget-text-editor\" data-id=\"568d7bd\" data-element_type=\"widget\" data-e-type=\"widget\" data-settings=\"{&quot;_animation&quot;:&quot;slideInUp&quot;}\" data-widget_type=\"text-editor.default\">\n\t\t\t\t<div class=\"elementor-widget-container\">\n\t\t\t\t\t\t\t\t\t<p class=\"\" data-start=\"275\" data-end=\"881\">Im Bereich der industriellen Verkabelung bieten wir umfassende L\u00f6sungen, die alle Phasen des Projekts abdecken &#8211; vom ersten Entwurf und der Planung bis zur eigentlichen Verkabelung oder Leitungswiederherstellung. Wir sind erfahren in der Konstruktion mit der Software EPLAN (sowohl 2D- als auch 3D-Konstruktionen) gem\u00e4\u00df den aktuellen IEC-Normen, so dass wir die technischen Anforderungen in der Vorbereitungsphase effizient bewerten und einbeziehen k\u00f6nnen. Bei der Konzeption elektrischer Systeme konzentrieren wir uns auf Sicherheitsmerkmale gem\u00e4\u00df EN ISO 13849-1 und IEC 62061:2021 sowie auf den optimalen Einsatz von Servomotoren, Servoantrieben und verschiedenen F\u00f6rderanlagen.  <\/p>\t\t\t\t\t\t\t\t<\/div>\n\t\t\t\t<\/div>\n\t\t\t\t<\/div>\n\t\t\t\t<div class=\"elementor-element elementor-element-eb01087 elementor-widget__width-inherit elementor-invisible elementor-widget elementor-widget-image\" data-id=\"eb01087\" data-element_type=\"widget\" data-e-type=\"widget\" data-settings=\"{&quot;_animation&quot;:&quot;slideInRight&quot;,&quot;_animation_tablet&quot;:&quot;slideInLeft&quot;}\" data-widget_type=\"image.default\">\n\t\t\t\t<div class=\"elementor-widget-container\">\n\t\t\t\t\t\t\t\t\t\t\t\t\t\t\t<img decoding=\"async\" width=\"1920\" height=\"1920\" src=\"https:\/\/www.nidextechnology.com\/wp-content\/uploads\/2025\/03\/ElektroInstalacie-scaled-e1742583573899.jpg\" class=\"attachment-full size-full wp-image-8793\" alt=\"\" srcset=\"https:\/\/www.nidextechnology.com\/wp-content\/uploads\/2025\/03\/ElektroInstalacie-scaled-e1742583573899.jpg 1920w, https:\/\/www.nidextechnology.com\/wp-content\/uploads\/2025\/03\/ElektroInstalacie-scaled-e1742583573899-300x300.jpg 300w, https:\/\/www.nidextechnology.com\/wp-content\/uploads\/2025\/03\/ElektroInstalacie-scaled-e1742583573899-1024x1024.jpg 1024w, https:\/\/www.nidextechnology.com\/wp-content\/uploads\/2025\/03\/ElektroInstalacie-scaled-e1742583573899-150x150.jpg 150w, https:\/\/www.nidextechnology.com\/wp-content\/uploads\/2025\/03\/ElektroInstalacie-scaled-e1742583573899-768x768.jpg 768w, https:\/\/www.nidextechnology.com\/wp-content\/uploads\/2025\/03\/ElektroInstalacie-scaled-e1742583573899-1536x1536.jpg 1536w\" sizes=\"(max-width: 1920px) 100vw, 1920px\" \/>\t\t\t\t\t\t\t\t\t\t\t\t\t\t\t<\/div>\n\t\t\t\t<\/div>\n\t\t\t\t\t<\/div>\n\t\t\t\t<\/div>\n\t\t<div class=\"elementor-element elementor-element-7b36647 e-flex e-con-boxed e-con e-child\" data-id=\"7b36647\" data-element_type=\"container\" data-e-type=\"container\">\n\t\t\t\t\t<div class=\"e-con-inner\">\n\t\t<div class=\"elementor-element elementor-element-61772f5 e-con-full e-flex elementor-invisible e-con e-child\" data-id=\"61772f5\" data-element_type=\"container\" data-e-type=\"container\" data-settings=\"{&quot;animation&quot;:&quot;slideInLeft&quot;}\">\n\t\t\t\t<div class=\"elementor-element elementor-element-69dd24e elementor-widget elementor-widget-heading\" data-id=\"69dd24e\" data-element_type=\"widget\" data-e-type=\"widget\" data-widget_type=\"heading.default\">\n\t\t\t\t<div class=\"elementor-widget-container\">\n\t\t\t\t\t<h2 class=\"elementor-heading-title elementor-size-default\">Professionelle Projektleitung und Betrieb<\/h2>\t\t\t\t<\/div>\n\t\t\t\t<\/div>\n\t\t\t\t<\/div>\n\t\t<div class=\"elementor-element elementor-element-ffac29e e-con-full e-flex elementor-invisible e-con e-child\" data-id=\"ffac29e\" data-element_type=\"container\" data-e-type=\"container\" data-settings=\"{&quot;animation&quot;:&quot;slideInUp&quot;}\">\n\t\t\t\t<div class=\"elementor-element elementor-element-79384c2 elementor-widget elementor-widget-text-editor\" data-id=\"79384c2\" data-element_type=\"widget\" data-e-type=\"widget\" data-widget_type=\"text-editor.default\">\n\t\t\t\t<div class=\"elementor-widget-container\">\n\t\t\t\t\t\t\t\t\t<p>Neben dem Design und der Installation im Bereich der industriellen Automatisierung bieten wir auch das Installationsmanagement und die professionelle Koordination des Installationsteams. W\u00e4hrend der Implementierung \u00fcberpr\u00fcfen wir regelm\u00e4\u00dfig die Verdrahtung und f\u00fchren Messungen durch, um Probleme mit fehlerhaften oder unsachgem\u00e4\u00df verdrahteten Komponenten zu vermeiden. Sollten unerwartete Komplikationen auftreten, sind wir in der Lage, umgehend einzugreifen und diese zu beheben, um die Wiederherstellung der Anlage so reibungslos und effizient wie m\u00f6glich zu gestalten.  <\/p>\t\t\t\t\t\t\t\t<\/div>\n\t\t\t\t<\/div>\n\t\t\t\t<\/div>\n\t\t\t\t\t<\/div>\n\t\t\t\t<\/div>\n\t\t\t\t<\/div>\n\t\t","protected":false},"excerpt":{"rendered":"<p>Vom Entwurf \u00fcber die Installation bis zur Wiederherstellung Im Bereich der industriellen Verkabelung bieten wir umfassende L\u00f6sungen, die alle Phasen des Projekts abdecken &#8211; vom ersten Entwurf und der Planung bis zur eigentlichen Verkabelung oder Leitungswiederherstellung. Wir sind erfahren in der Konstruktion mit der Software EPLAN (sowohl 2D- als auch 3D-Konstruktionen) gem\u00e4\u00df den aktuellen IEC-Normen,&hellip;<\/p>\n","protected":false},"author":4,"featured_media":0,"parent":8775,"menu_order":0,"comment_status":"closed","ping_status":"closed","template":"","meta":{"footnotes":""},"class_list":["post-8792","page","type-page","status-publish","hentry"],"yoast_head":"<!-- This site is optimized with the Yoast SEO plugin v27.5 - https:\/\/yoast.com\/product\/yoast-seo-wordpress\/ -->\n<title>Verkabelung - NidexTechnology.com - Automatiz\u00e1cia | Inteligentn\u00e9 meranie<\/title>\n<meta name=\"robots\" content=\"index, follow, max-snippet:-1, max-image-preview:large, max-video-preview:-1\" \/>\n<link rel=\"canonical\" href=\"https:\/\/www.nidextechnology.com\/de\/dienstleistungen\/automatisierung\/verkabelung\/\" \/>\n<meta property=\"og:locale\" content=\"de_DE\" \/>\n<meta property=\"og:type\" content=\"article\" \/>\n<meta property=\"og:title\" content=\"Verkabelung - NidexTechnology.com - Automatiz\u00e1cia | Inteligentn\u00e9 meranie\" \/>\n<meta property=\"og:description\" content=\"Vom Entwurf \u00fcber die Installation bis zur Wiederherstellung Im Bereich der industriellen Verkabelung bieten wir umfassende L\u00f6sungen, die alle Phasen des Projekts abdecken &#8211; vom ersten Entwurf und der Planung bis zur eigentlichen Verkabelung oder Leitungswiederherstellung. Wir sind erfahren in der Konstruktion mit der Software EPLAN (sowohl 2D- als auch 3D-Konstruktionen) gem\u00e4\u00df den aktuellen IEC-Normen,&hellip;\" \/>\n<meta property=\"og:url\" content=\"https:\/\/www.nidextechnology.com\/de\/dienstleistungen\/automatisierung\/verkabelung\/\" \/>\n<meta property=\"og:site_name\" content=\"NidexTechnology.com - Automatiz\u00e1cia | Inteligentn\u00e9 meranie\" \/>\n<meta property=\"article:modified_time\" content=\"2025-05-12T17:38:20+00:00\" \/>\n<meta name=\"twitter:card\" content=\"summary_large_image\" \/>\n<meta name=\"twitter:label1\" content=\"Gesch\u00e4tzte Lesezeit\" \/>\n\t<meta name=\"twitter:data1\" content=\"1\u00a0Minute\" \/>\n<script type=\"application\/ld+json\" class=\"yoast-schema-graph\">{\"@context\":\"https:\\\/\\\/schema.org\",\"@graph\":[{\"@type\":\"WebPage\",\"@id\":\"https:\\\/\\\/www.nidextechnology.com\\\/de\\\/dienstleistungen\\\/automatisierung\\\/verkabelung\\\/\",\"url\":\"https:\\\/\\\/www.nidextechnology.com\\\/de\\\/dienstleistungen\\\/automatisierung\\\/verkabelung\\\/\",\"name\":\"Verkabelung - NidexTechnology.com - Automatiz\u00e1cia | Inteligentn\u00e9 meranie\",\"isPartOf\":{\"@id\":\"https:\\\/\\\/www.nidextechnology.com\\\/de\\\/#website\"},\"primaryImageOfPage\":{\"@id\":\"https:\\\/\\\/www.nidextechnology.com\\\/de\\\/dienstleistungen\\\/automatisierung\\\/verkabelung\\\/#primaryimage\"},\"image\":{\"@id\":\"https:\\\/\\\/www.nidextechnology.com\\\/de\\\/dienstleistungen\\\/automatisierung\\\/verkabelung\\\/#primaryimage\"},\"thumbnailUrl\":\"https:\\\/\\\/www.nidextechnology.com\\\/wp-content\\\/uploads\\\/2025\\\/03\\\/ElektroInstalacie-scaled-e1742583573899.jpg\",\"datePublished\":\"2025-02-20T23:03:33+00:00\",\"dateModified\":\"2025-05-12T17:38:20+00:00\",\"breadcrumb\":{\"@id\":\"https:\\\/\\\/www.nidextechnology.com\\\/de\\\/dienstleistungen\\\/automatisierung\\\/verkabelung\\\/#breadcrumb\"},\"inLanguage\":\"de\",\"potentialAction\":[{\"@type\":\"ReadAction\",\"target\":[\"https:\\\/\\\/www.nidextechnology.com\\\/de\\\/dienstleistungen\\\/automatisierung\\\/verkabelung\\\/\"]}]},{\"@type\":\"ImageObject\",\"inLanguage\":\"de\",\"@id\":\"https:\\\/\\\/www.nidextechnology.com\\\/de\\\/dienstleistungen\\\/automatisierung\\\/verkabelung\\\/#primaryimage\",\"url\":\"https:\\\/\\\/www.nidextechnology.com\\\/wp-content\\\/uploads\\\/2025\\\/03\\\/ElektroInstalacie-scaled-e1742583573899.jpg\",\"contentUrl\":\"https:\\\/\\\/www.nidextechnology.com\\\/wp-content\\\/uploads\\\/2025\\\/03\\\/ElektroInstalacie-scaled-e1742583573899.jpg\"},{\"@type\":\"BreadcrumbList\",\"@id\":\"https:\\\/\\\/www.nidextechnology.com\\\/de\\\/dienstleistungen\\\/automatisierung\\\/verkabelung\\\/#breadcrumb\",\"itemListElement\":[{\"@type\":\"ListItem\",\"position\":1,\"name\":\"Home\",\"item\":\"https:\\\/\\\/www.nidextechnology.com\\\/de\\\/\"},{\"@type\":\"ListItem\",\"position\":2,\"name\":\"Dienstleistungen\",\"item\":\"https:\\\/\\\/www.nidextechnology.com\\\/de\\\/dienstleistungen\\\/\"},{\"@type\":\"ListItem\",\"position\":3,\"name\":\"Automatisierung\",\"item\":\"https:\\\/\\\/www.nidextechnology.com\\\/de\\\/dienstleistungen\\\/automatisierung\\\/\"},{\"@type\":\"ListItem\",\"position\":4,\"name\":\"Verkabelung\"}]},{\"@type\":\"WebSite\",\"@id\":\"https:\\\/\\\/www.nidextechnology.com\\\/de\\\/#website\",\"url\":\"https:\\\/\\\/www.nidextechnology.com\\\/de\\\/\",\"name\":\"NidexTechnology.com - Automatiz\u00e1cia | Inteligentn\u00e9 meranie\",\"description\":\"Inteligentn\u00e9 rie\u0161enia pre v\u00e1\u0161 biznis\",\"publisher\":{\"@id\":\"https:\\\/\\\/www.nidextechnology.com\\\/de\\\/#organization\"},\"potentialAction\":[{\"@type\":\"SearchAction\",\"target\":{\"@type\":\"EntryPoint\",\"urlTemplate\":\"https:\\\/\\\/www.nidextechnology.com\\\/de\\\/?s={search_term_string}\"},\"query-input\":{\"@type\":\"PropertyValueSpecification\",\"valueRequired\":true,\"valueName\":\"search_term_string\"}}],\"inLanguage\":\"de\"},{\"@type\":\"Organization\",\"@id\":\"https:\\\/\\\/www.nidextechnology.com\\\/de\\\/#organization\",\"name\":\"NidexTechnology.com - Automatiz\u00e1cia | Inteligentn\u00e9 meranie\",\"url\":\"https:\\\/\\\/www.nidextechnology.com\\\/de\\\/\",\"logo\":{\"@type\":\"ImageObject\",\"inLanguage\":\"de\",\"@id\":\"https:\\\/\\\/www.nidextechnology.com\\\/de\\\/#\\\/schema\\\/logo\\\/image\\\/\",\"url\":\"https:\\\/\\\/www.nidextechnology.com\\\/wp-content\\\/uploads\\\/2025\\\/10\\\/NidexTechnology_symbol_white.svg\",\"contentUrl\":\"https:\\\/\\\/www.nidextechnology.com\\\/wp-content\\\/uploads\\\/2025\\\/10\\\/NidexTechnology_symbol_white.svg\",\"caption\":\"NidexTechnology.com - Automatiz\u00e1cia | Inteligentn\u00e9 meranie\"},\"image\":{\"@id\":\"https:\\\/\\\/www.nidextechnology.com\\\/de\\\/#\\\/schema\\\/logo\\\/image\\\/\"}}]}<\/script>\n<!-- \/ Yoast SEO plugin. -->","yoast_head_json":{"title":"Verkabelung - NidexTechnology.com - Automatiz\u00e1cia | Inteligentn\u00e9 meranie","robots":{"index":"index","follow":"follow","max-snippet":"max-snippet:-1","max-image-preview":"max-image-preview:large","max-video-preview":"max-video-preview:-1"},"canonical":"https:\/\/www.nidextechnology.com\/de\/dienstleistungen\/automatisierung\/verkabelung\/","og_locale":"de_DE","og_type":"article","og_title":"Verkabelung - NidexTechnology.com - Automatiz\u00e1cia | Inteligentn\u00e9 meranie","og_description":"Vom Entwurf \u00fcber die Installation bis zur Wiederherstellung Im Bereich der industriellen Verkabelung bieten wir umfassende L\u00f6sungen, die alle Phasen des Projekts abdecken &#8211; vom ersten Entwurf und der Planung bis zur eigentlichen Verkabelung oder Leitungswiederherstellung. Wir sind erfahren in der Konstruktion mit der Software EPLAN (sowohl 2D- als auch 3D-Konstruktionen) gem\u00e4\u00df den aktuellen IEC-Normen,&hellip;","og_url":"https:\/\/www.nidextechnology.com\/de\/dienstleistungen\/automatisierung\/verkabelung\/","og_site_name":"NidexTechnology.com - Automatiz\u00e1cia | Inteligentn\u00e9 meranie","article_modified_time":"2025-05-12T17:38:20+00:00","twitter_card":"summary_large_image","twitter_misc":{"Gesch\u00e4tzte Lesezeit":"1\u00a0Minute"},"schema":{"@context":"https:\/\/schema.org","@graph":[{"@type":"WebPage","@id":"https:\/\/www.nidextechnology.com\/de\/dienstleistungen\/automatisierung\/verkabelung\/","url":"https:\/\/www.nidextechnology.com\/de\/dienstleistungen\/automatisierung\/verkabelung\/","name":"Verkabelung - NidexTechnology.com - Automatiz\u00e1cia | Inteligentn\u00e9 meranie","isPartOf":{"@id":"https:\/\/www.nidextechnology.com\/de\/#website"},"primaryImageOfPage":{"@id":"https:\/\/www.nidextechnology.com\/de\/dienstleistungen\/automatisierung\/verkabelung\/#primaryimage"},"image":{"@id":"https:\/\/www.nidextechnology.com\/de\/dienstleistungen\/automatisierung\/verkabelung\/#primaryimage"},"thumbnailUrl":"https:\/\/www.nidextechnology.com\/wp-content\/uploads\/2025\/03\/ElektroInstalacie-scaled-e1742583573899.jpg","datePublished":"2025-02-20T23:03:33+00:00","dateModified":"2025-05-12T17:38:20+00:00","breadcrumb":{"@id":"https:\/\/www.nidextechnology.com\/de\/dienstleistungen\/automatisierung\/verkabelung\/#breadcrumb"},"inLanguage":"de","potentialAction":[{"@type":"ReadAction","target":["https:\/\/www.nidextechnology.com\/de\/dienstleistungen\/automatisierung\/verkabelung\/"]}]},{"@type":"ImageObject","inLanguage":"de","@id":"https:\/\/www.nidextechnology.com\/de\/dienstleistungen\/automatisierung\/verkabelung\/#primaryimage","url":"https:\/\/www.nidextechnology.com\/wp-content\/uploads\/2025\/03\/ElektroInstalacie-scaled-e1742583573899.jpg","contentUrl":"https:\/\/www.nidextechnology.com\/wp-content\/uploads\/2025\/03\/ElektroInstalacie-scaled-e1742583573899.jpg"},{"@type":"BreadcrumbList","@id":"https:\/\/www.nidextechnology.com\/de\/dienstleistungen\/automatisierung\/verkabelung\/#breadcrumb","itemListElement":[{"@type":"ListItem","position":1,"name":"Home","item":"https:\/\/www.nidextechnology.com\/de\/"},{"@type":"ListItem","position":2,"name":"Dienstleistungen","item":"https:\/\/www.nidextechnology.com\/de\/dienstleistungen\/"},{"@type":"ListItem","position":3,"name":"Automatisierung","item":"https:\/\/www.nidextechnology.com\/de\/dienstleistungen\/automatisierung\/"},{"@type":"ListItem","position":4,"name":"Verkabelung"}]},{"@type":"WebSite","@id":"https:\/\/www.nidextechnology.com\/de\/#website","url":"https:\/\/www.nidextechnology.com\/de\/","name":"NidexTechnology.com - Automatiz\u00e1cia | Inteligentn\u00e9 meranie","description":"Inteligentn\u00e9 rie\u0161enia pre v\u00e1\u0161 biznis","publisher":{"@id":"https:\/\/www.nidextechnology.com\/de\/#organization"},"potentialAction":[{"@type":"SearchAction","target":{"@type":"EntryPoint","urlTemplate":"https:\/\/www.nidextechnology.com\/de\/?s={search_term_string}"},"query-input":{"@type":"PropertyValueSpecification","valueRequired":true,"valueName":"search_term_string"}}],"inLanguage":"de"},{"@type":"Organization","@id":"https:\/\/www.nidextechnology.com\/de\/#organization","name":"NidexTechnology.com - Automatiz\u00e1cia | Inteligentn\u00e9 meranie","url":"https:\/\/www.nidextechnology.com\/de\/","logo":{"@type":"ImageObject","inLanguage":"de","@id":"https:\/\/www.nidextechnology.com\/de\/#\/schema\/logo\/image\/","url":"https:\/\/www.nidextechnology.com\/wp-content\/uploads\/2025\/10\/NidexTechnology_symbol_white.svg","contentUrl":"https:\/\/www.nidextechnology.com\/wp-content\/uploads\/2025\/10\/NidexTechnology_symbol_white.svg","caption":"NidexTechnology.com - Automatiz\u00e1cia | Inteligentn\u00e9 meranie"},"image":{"@id":"https:\/\/www.nidextechnology.com\/de\/#\/schema\/logo\/image\/"}}]}},"_links":{"self":[{"href":"https:\/\/www.nidextechnology.com\/de\/wp-json\/wp\/v2\/pages\/8792","targetHints":{"allow":["GET"]}}],"collection":[{"href":"https:\/\/www.nidextechnology.com\/de\/wp-json\/wp\/v2\/pages"}],"about":[{"href":"https:\/\/www.nidextechnology.com\/de\/wp-json\/wp\/v2\/types\/page"}],"author":[{"embeddable":true,"href":"https:\/\/www.nidextechnology.com\/de\/wp-json\/wp\/v2\/users\/4"}],"replies":[{"embeddable":true,"href":"https:\/\/www.nidextechnology.com\/de\/wp-json\/wp\/v2\/comments?post=8792"}],"version-history":[{"count":0,"href":"https:\/\/www.nidextechnology.com\/de\/wp-json\/wp\/v2\/pages\/8792\/revisions"}],"up":[{"embeddable":true,"href":"https:\/\/www.nidextechnology.com\/de\/wp-json\/wp\/v2\/pages\/8775"}],"wp:attachment":[{"href":"https:\/\/www.nidextechnology.com\/de\/wp-json\/wp\/v2\/media?parent=8792"}],"curies":[{"name":"wp","href":"https:\/\/api.w.org\/{rel}","templated":true}]}}