{"id":8781,"date":"2025-02-21T00:01:56","date_gmt":"2025-02-20T23:01:56","guid":{"rendered":"https:\/\/www.nidextechnology.com\/automatisierung\/inbetriebnahme\/"},"modified":"2025-12-17T14:49:05","modified_gmt":"2025-12-17T13:49:05","slug":"inbetriebnahme","status":"publish","type":"page","link":"https:\/\/www.nidextechnology.com\/de\/dienstleistungen\/automatisierung\/inbetriebnahme\/","title":{"rendered":"Inbetriebnahme"},"content":{"rendered":"\t\t<div data-elementor-type=\"wp-page\" data-elementor-id=\"8781\" class=\"elementor elementor-8781 elementor-6469\" data-elementor-post-type=\"page\">\n\t\t\t\t<div class=\"elementor-element elementor-element-d10041a e-flex e-con-boxed e-con e-parent\" data-id=\"d10041a\" data-element_type=\"container\" data-e-type=\"container\">\n\t\t\t\t\t<div class=\"e-con-inner\">\n\t\t<div class=\"elementor-element elementor-element-b81d5c3 e-con-full e-flex e-con e-child\" data-id=\"b81d5c3\" data-element_type=\"container\" data-e-type=\"container\">\n\t\t\t\t<div class=\"elementor-element elementor-element-edf4010 elementor-invisible elementor-widget elementor-widget-heading\" data-id=\"edf4010\" data-element_type=\"widget\" data-e-type=\"widget\" data-settings=\"{&quot;_animation&quot;:&quot;slideInUp&quot;}\" data-widget_type=\"heading.default\">\n\t\t\t\t<div class=\"elementor-widget-container\">\n\t\t\t\t\t<h1 class=\"elementor-heading-title elementor-size-default\">Zuverl\u00e4ssiger Produktionsstart<\/h1>\t\t\t\t<\/div>\n\t\t\t\t<\/div>\n\t\t\t\t<div class=\"elementor-element elementor-element-8196c7c elementor-widget elementor-widget-spacer\" data-id=\"8196c7c\" data-element_type=\"widget\" data-e-type=\"widget\" data-widget_type=\"spacer.default\">\n\t\t\t\t<div class=\"elementor-widget-container\">\n\t\t\t\t\t\t\t<div class=\"elementor-spacer\">\n\t\t\t<div class=\"elementor-spacer-inner\"><\/div>\n\t\t<\/div>\n\t\t\t\t\t\t<\/div>\n\t\t\t\t<\/div>\n\t\t\t\t<div class=\"elementor-element elementor-element-8edc97b elementor-invisible elementor-widget elementor-widget-text-editor\" data-id=\"8edc97b\" data-element_type=\"widget\" data-e-type=\"widget\" data-settings=\"{&quot;_animation&quot;:&quot;slideInUp&quot;}\" data-widget_type=\"text-editor.default\">\n\t\t\t\t<div class=\"elementor-widget-container\">\n\t\t\t\t\t\t\t\t\t<p class=\"p1\">Wir verf\u00fcgen \u00fcber umfangreiche Erfahrungen bei der Inbetriebnahme von Produktionslinien, die wir von der ersten Montage bis zur eigentlichen Produktion begleiten. Wir \u00fcberwachen alle Details in jedem Projekt &#8211; von der korrekten Einstellung der Sensoren und Aktoren bis hin zum reibungslosen Betrieb der Antriebe. <\/p>\t\t\t\t\t\t\t\t<\/div>\n\t\t\t\t<\/div>\n\t\t\t\t<div class=\"elementor-element elementor-element-f13679d elementor-widget elementor-widget-spacer\" data-id=\"f13679d\" data-element_type=\"widget\" data-e-type=\"widget\" data-widget_type=\"spacer.default\">\n\t\t\t\t<div class=\"elementor-widget-container\">\n\t\t\t\t\t\t\t<div class=\"elementor-spacer\">\n\t\t\t<div class=\"elementor-spacer-inner\"><\/div>\n\t\t<\/div>\n\t\t\t\t\t\t<\/div>\n\t\t\t\t<\/div>\n\t\t\t\t<div class=\"elementor-element elementor-element-99a8203 elementor-invisible elementor-widget elementor-widget-text-editor\" data-id=\"99a8203\" data-element_type=\"widget\" data-e-type=\"widget\" data-settings=\"{&quot;_animation&quot;:&quot;slideInUp&quot;}\" data-widget_type=\"text-editor.default\">\n\t\t\t\t<div class=\"elementor-widget-container\">\n\t\t\t\t\t\t\t\t\t<p class=\"p1\">Unser Fachwissen umfasst auch die Feineinstellung und Justierung von Servomotoren, Frequenzumrichtern und pneumatischen Systemen.<\/p>\t\t\t\t\t\t\t\t<\/div>\n\t\t\t\t<\/div>\n\t\t\t\t<div class=\"elementor-element elementor-element-994d5cf elementor-widget elementor-widget-spacer\" data-id=\"994d5cf\" data-element_type=\"widget\" data-e-type=\"widget\" data-widget_type=\"spacer.default\">\n\t\t\t\t<div class=\"elementor-widget-container\">\n\t\t\t\t\t\t\t<div class=\"elementor-spacer\">\n\t\t\t<div class=\"elementor-spacer-inner\"><\/div>\n\t\t<\/div>\n\t\t\t\t\t\t<\/div>\n\t\t\t\t<\/div>\n\t\t\t\t<div class=\"elementor-element elementor-element-3ab54b9 elementor-invisible elementor-widget elementor-widget-text-editor\" data-id=\"3ab54b9\" data-element_type=\"widget\" data-e-type=\"widget\" data-settings=\"{&quot;_animation&quot;:&quot;slideInUp&quot;}\" data-widget_type=\"text-editor.default\">\n\t\t\t\t<div class=\"elementor-widget-container\">\n\t\t\t\t\t\t\t\t\t<p>Wir sind der Meinung, dass es bei der Inbetriebnahme genauso viel um Menschen wie um Technik geht. Deshalb arbeiten wir eng mit allen Mitgliedern des Projektteams zusammen &#8211; von der Projektleitung \u00fcber die Softwareabteilung bis hin zur Elektrotechnik &#8211; um die gew\u00fcnschten Ergebnisse innerhalb der vereinbarten Frist zu liefern. <\/p>\t\t\t\t\t\t\t\t<\/div>\n\t\t\t\t<\/div>\n\t\t\t\t<\/div>\n\t\t\t\t<div class=\"elementor-element elementor-element-63203fd elementor-widget__width-inherit elementor-invisible elementor-widget elementor-widget-image\" data-id=\"63203fd\" data-element_type=\"widget\" data-e-type=\"widget\" data-settings=\"{&quot;_animation&quot;:&quot;slideInRight&quot;,&quot;_animation_tablet&quot;:&quot;slideInLeft&quot;}\" data-widget_type=\"image.default\">\n\t\t\t\t<div class=\"elementor-widget-container\">\n\t\t\t\t\t\t\t\t\t\t\t\t\t\t\t<img decoding=\"async\" width=\"2048\" height=\"2205\" src=\"https:\/\/www.nidextechnology.com\/wp-content\/uploads\/2025\/03\/Commissioning-scaled.jpg\" class=\"attachment-full size-full wp-image-8786\" alt=\"\" srcset=\"https:\/\/www.nidextechnology.com\/wp-content\/uploads\/2025\/03\/Commissioning-scaled.jpg 2048w, https:\/\/www.nidextechnology.com\/wp-content\/uploads\/2025\/03\/Commissioning-279x300.jpg 279w, https:\/\/www.nidextechnology.com\/wp-content\/uploads\/2025\/03\/Commissioning-951x1024.jpg 951w, https:\/\/www.nidextechnology.com\/wp-content\/uploads\/2025\/03\/Commissioning-768x827.jpg 768w, https:\/\/www.nidextechnology.com\/wp-content\/uploads\/2025\/03\/Commissioning-1427x1536.jpg 1427w, https:\/\/www.nidextechnology.com\/wp-content\/uploads\/2025\/03\/Commissioning-1902x2048.jpg 1902w\" sizes=\"(max-width: 2048px) 100vw, 2048px\" \/>\t\t\t\t\t\t\t\t\t\t\t\t\t\t\t<\/div>\n\t\t\t\t<\/div>\n\t\t\t\t\t<\/div>\n\t\t\t\t<\/div>\n\t\t<div class=\"elementor-element elementor-element-ce352cb e-flex e-con-boxed e-con e-child\" data-id=\"ce352cb\" data-element_type=\"container\" data-e-type=\"container\">\n\t\t\t\t\t<div class=\"e-con-inner\">\n\t\t<div class=\"elementor-element elementor-element-04b5e67 e-con-full e-flex elementor-invisible e-con e-child\" data-id=\"04b5e67\" data-element_type=\"container\" data-e-type=\"container\" data-settings=\"{&quot;animation&quot;:&quot;slideInLeft&quot;}\">\n\t\t\t\t<div class=\"elementor-element elementor-element-64112ca elementor-widget elementor-widget-heading\" data-id=\"64112ca\" data-element_type=\"widget\" data-e-type=\"widget\" data-widget_type=\"heading.default\">\n\t\t\t\t<div class=\"elementor-widget-container\">\n\t\t\t\t\t<h2 class=\"elementor-heading-title elementor-size-default\">Sicherheit gem\u00e4\u00df<br>IEC 61508<\/h2>\t\t\t\t<\/div>\n\t\t\t\t<\/div>\n\t\t\t\t<\/div>\n\t\t<div class=\"elementor-element elementor-element-f647bb4 e-con-full e-flex elementor-invisible e-con e-child\" data-id=\"f647bb4\" data-element_type=\"container\" data-e-type=\"container\" data-settings=\"{&quot;animation&quot;:&quot;slideInUp&quot;}\">\n\t\t\t\t<div class=\"elementor-element elementor-element-873bf82 elementor-widget elementor-widget-text-editor\" data-id=\"873bf82\" data-element_type=\"widget\" data-e-type=\"widget\" data-widget_type=\"text-editor.default\">\n\t\t\t\t<div class=\"elementor-widget-container\">\n\t\t\t\t\t\t\t\t\t<p>Wir sind erfahren in der Implementierung von Sicherheitsfunktionen und Anwendungen gem\u00e4\u00df IEC 61508 (SIL1 bis SIL4). Unser Portfolio umfasst Tests und Validierungen, um den ordnungsgem\u00e4\u00dfen Betrieb des Systems w\u00e4hrend der Test- und Wiederherstellungsphase zu gew\u00e4hrleisten. Wir haben praktische Erfahrung in der Programmierung und Arbeit mit der TWIN SAFE-Umgebung und der PILZ-Software.  <\/p>\t\t\t\t\t\t\t\t<\/div>\n\t\t\t\t<\/div>\n\t\t\t\t<\/div>\n\t\t\t\t\t<\/div>\n\t\t\t\t<\/div>\n\t\t\t\t<\/div>\n\t\t","protected":false},"excerpt":{"rendered":"<p>Zuverl\u00e4ssiger Produktionsstart Wir verf\u00fcgen \u00fcber umfangreiche Erfahrungen bei der Inbetriebnahme von Produktionslinien, die wir von der ersten Montage bis zur eigentlichen Produktion begleiten. Wir \u00fcberwachen alle Details in jedem Projekt &#8211; von der korrekten Einstellung der Sensoren und Aktoren bis hin zum reibungslosen Betrieb der Antriebe. Unser Fachwissen umfasst auch die Feineinstellung und Justierung von&hellip;<\/p>\n","protected":false},"author":4,"featured_media":0,"parent":8775,"menu_order":0,"comment_status":"closed","ping_status":"closed","template":"","meta":{"footnotes":""},"class_list":["post-8781","page","type-page","status-publish","hentry"],"yoast_head":"<!-- This site is optimized with the Yoast SEO plugin v27.5 - https:\/\/yoast.com\/product\/yoast-seo-wordpress\/ -->\n<title>Inbetriebnahme - NidexTechnology.com - Automatiz\u00e1cia | Inteligentn\u00e9 meranie<\/title>\n<meta name=\"robots\" content=\"index, follow, max-snippet:-1, max-image-preview:large, max-video-preview:-1\" \/>\n<link rel=\"canonical\" href=\"https:\/\/www.nidextechnology.com\/de\/dienstleistungen\/automatisierung\/inbetriebnahme\/\" \/>\n<meta property=\"og:locale\" content=\"de_DE\" \/>\n<meta property=\"og:type\" content=\"article\" \/>\n<meta property=\"og:title\" content=\"Inbetriebnahme - NidexTechnology.com - Automatiz\u00e1cia | Inteligentn\u00e9 meranie\" \/>\n<meta property=\"og:description\" content=\"Zuverl\u00e4ssiger Produktionsstart Wir verf\u00fcgen \u00fcber umfangreiche Erfahrungen bei der Inbetriebnahme von Produktionslinien, die wir von der ersten Montage bis zur eigentlichen Produktion begleiten. Wir \u00fcberwachen alle Details in jedem Projekt &#8211; von der korrekten Einstellung der Sensoren und Aktoren bis hin zum reibungslosen Betrieb der Antriebe. Unser Fachwissen umfasst auch die Feineinstellung und Justierung von&hellip;\" \/>\n<meta property=\"og:url\" content=\"https:\/\/www.nidextechnology.com\/de\/dienstleistungen\/automatisierung\/inbetriebnahme\/\" \/>\n<meta property=\"og:site_name\" content=\"NidexTechnology.com - Automatiz\u00e1cia | Inteligentn\u00e9 meranie\" \/>\n<meta property=\"article:modified_time\" content=\"2025-12-17T13:49:05+00:00\" \/>\n<meta property=\"og:image\" content=\"https:\/\/www.nidextechnology.com\/wp-content\/uploads\/2025\/03\/Commissioning-scaled.jpg\" \/>\n\t<meta property=\"og:image:width\" content=\"2378\" \/>\n\t<meta property=\"og:image:height\" content=\"2560\" \/>\n\t<meta property=\"og:image:type\" content=\"image\/jpeg\" \/>\n<meta name=\"twitter:card\" content=\"summary_large_image\" \/>\n<meta name=\"twitter:label1\" content=\"Gesch\u00e4tzte Lesezeit\" \/>\n\t<meta name=\"twitter:data1\" content=\"1\u00a0Minute\" \/>\n<script type=\"application\/ld+json\" class=\"yoast-schema-graph\">{\"@context\":\"https:\\\/\\\/schema.org\",\"@graph\":[{\"@type\":\"WebPage\",\"@id\":\"https:\\\/\\\/www.nidextechnology.com\\\/de\\\/dienstleistungen\\\/automatisierung\\\/inbetriebnahme\\\/\",\"url\":\"https:\\\/\\\/www.nidextechnology.com\\\/de\\\/dienstleistungen\\\/automatisierung\\\/inbetriebnahme\\\/\",\"name\":\"Inbetriebnahme - NidexTechnology.com - Automatiz\u00e1cia | Inteligentn\u00e9 meranie\",\"isPartOf\":{\"@id\":\"https:\\\/\\\/www.nidextechnology.com\\\/de\\\/#website\"},\"primaryImageOfPage\":{\"@id\":\"https:\\\/\\\/www.nidextechnology.com\\\/de\\\/dienstleistungen\\\/automatisierung\\\/inbetriebnahme\\\/#primaryimage\"},\"image\":{\"@id\":\"https:\\\/\\\/www.nidextechnology.com\\\/de\\\/dienstleistungen\\\/automatisierung\\\/inbetriebnahme\\\/#primaryimage\"},\"thumbnailUrl\":\"https:\\\/\\\/www.nidextechnology.com\\\/wp-content\\\/uploads\\\/2025\\\/03\\\/Commissioning-scaled.jpg\",\"datePublished\":\"2025-02-20T23:01:56+00:00\",\"dateModified\":\"2025-12-17T13:49:05+00:00\",\"breadcrumb\":{\"@id\":\"https:\\\/\\\/www.nidextechnology.com\\\/de\\\/dienstleistungen\\\/automatisierung\\\/inbetriebnahme\\\/#breadcrumb\"},\"inLanguage\":\"de\",\"potentialAction\":[{\"@type\":\"ReadAction\",\"target\":[\"https:\\\/\\\/www.nidextechnology.com\\\/de\\\/dienstleistungen\\\/automatisierung\\\/inbetriebnahme\\\/\"]}]},{\"@type\":\"ImageObject\",\"inLanguage\":\"de\",\"@id\":\"https:\\\/\\\/www.nidextechnology.com\\\/de\\\/dienstleistungen\\\/automatisierung\\\/inbetriebnahme\\\/#primaryimage\",\"url\":\"https:\\\/\\\/www.nidextechnology.com\\\/wp-content\\\/uploads\\\/2025\\\/03\\\/Commissioning-scaled.jpg\",\"contentUrl\":\"https:\\\/\\\/www.nidextechnology.com\\\/wp-content\\\/uploads\\\/2025\\\/03\\\/Commissioning-scaled.jpg\"},{\"@type\":\"BreadcrumbList\",\"@id\":\"https:\\\/\\\/www.nidextechnology.com\\\/de\\\/dienstleistungen\\\/automatisierung\\\/inbetriebnahme\\\/#breadcrumb\",\"itemListElement\":[{\"@type\":\"ListItem\",\"position\":1,\"name\":\"Home\",\"item\":\"https:\\\/\\\/www.nidextechnology.com\\\/de\\\/\"},{\"@type\":\"ListItem\",\"position\":2,\"name\":\"Dienstleistungen\",\"item\":\"https:\\\/\\\/www.nidextechnology.com\\\/de\\\/dienstleistungen\\\/\"},{\"@type\":\"ListItem\",\"position\":3,\"name\":\"Automatisierung\",\"item\":\"https:\\\/\\\/www.nidextechnology.com\\\/de\\\/dienstleistungen\\\/automatisierung\\\/\"},{\"@type\":\"ListItem\",\"position\":4,\"name\":\"Inbetriebnahme\"}]},{\"@type\":\"WebSite\",\"@id\":\"https:\\\/\\\/www.nidextechnology.com\\\/de\\\/#website\",\"url\":\"https:\\\/\\\/www.nidextechnology.com\\\/de\\\/\",\"name\":\"NidexTechnology.com - Automatiz\u00e1cia | Inteligentn\u00e9 meranie\",\"description\":\"Inteligentn\u00e9 rie\u0161enia pre v\u00e1\u0161 biznis\",\"publisher\":{\"@id\":\"https:\\\/\\\/www.nidextechnology.com\\\/de\\\/#organization\"},\"potentialAction\":[{\"@type\":\"SearchAction\",\"target\":{\"@type\":\"EntryPoint\",\"urlTemplate\":\"https:\\\/\\\/www.nidextechnology.com\\\/de\\\/?s={search_term_string}\"},\"query-input\":{\"@type\":\"PropertyValueSpecification\",\"valueRequired\":true,\"valueName\":\"search_term_string\"}}],\"inLanguage\":\"de\"},{\"@type\":\"Organization\",\"@id\":\"https:\\\/\\\/www.nidextechnology.com\\\/de\\\/#organization\",\"name\":\"NidexTechnology.com - Automatiz\u00e1cia | Inteligentn\u00e9 meranie\",\"url\":\"https:\\\/\\\/www.nidextechnology.com\\\/de\\\/\",\"logo\":{\"@type\":\"ImageObject\",\"inLanguage\":\"de\",\"@id\":\"https:\\\/\\\/www.nidextechnology.com\\\/de\\\/#\\\/schema\\\/logo\\\/image\\\/\",\"url\":\"https:\\\/\\\/www.nidextechnology.com\\\/wp-content\\\/uploads\\\/2025\\\/10\\\/NidexTechnology_symbol_white.svg\",\"contentUrl\":\"https:\\\/\\\/www.nidextechnology.com\\\/wp-content\\\/uploads\\\/2025\\\/10\\\/NidexTechnology_symbol_white.svg\",\"caption\":\"NidexTechnology.com - Automatiz\u00e1cia | Inteligentn\u00e9 meranie\"},\"image\":{\"@id\":\"https:\\\/\\\/www.nidextechnology.com\\\/de\\\/#\\\/schema\\\/logo\\\/image\\\/\"}}]}<\/script>\n<!-- \/ Yoast SEO plugin. -->","yoast_head_json":{"title":"Inbetriebnahme - NidexTechnology.com - Automatiz\u00e1cia | Inteligentn\u00e9 meranie","robots":{"index":"index","follow":"follow","max-snippet":"max-snippet:-1","max-image-preview":"max-image-preview:large","max-video-preview":"max-video-preview:-1"},"canonical":"https:\/\/www.nidextechnology.com\/de\/dienstleistungen\/automatisierung\/inbetriebnahme\/","og_locale":"de_DE","og_type":"article","og_title":"Inbetriebnahme - NidexTechnology.com - Automatiz\u00e1cia | Inteligentn\u00e9 meranie","og_description":"Zuverl\u00e4ssiger Produktionsstart Wir verf\u00fcgen \u00fcber umfangreiche Erfahrungen bei der Inbetriebnahme von Produktionslinien, die wir von der ersten Montage bis zur eigentlichen Produktion begleiten. Wir \u00fcberwachen alle Details in jedem Projekt &#8211; von der korrekten Einstellung der Sensoren und Aktoren bis hin zum reibungslosen Betrieb der Antriebe. Unser Fachwissen umfasst auch die Feineinstellung und Justierung von&hellip;","og_url":"https:\/\/www.nidextechnology.com\/de\/dienstleistungen\/automatisierung\/inbetriebnahme\/","og_site_name":"NidexTechnology.com - Automatiz\u00e1cia | Inteligentn\u00e9 meranie","article_modified_time":"2025-12-17T13:49:05+00:00","og_image":[{"width":2378,"height":2560,"url":"https:\/\/www.nidextechnology.com\/wp-content\/uploads\/2025\/03\/Commissioning-scaled.jpg","type":"image\/jpeg"}],"twitter_card":"summary_large_image","twitter_misc":{"Gesch\u00e4tzte Lesezeit":"1\u00a0Minute"},"schema":{"@context":"https:\/\/schema.org","@graph":[{"@type":"WebPage","@id":"https:\/\/www.nidextechnology.com\/de\/dienstleistungen\/automatisierung\/inbetriebnahme\/","url":"https:\/\/www.nidextechnology.com\/de\/dienstleistungen\/automatisierung\/inbetriebnahme\/","name":"Inbetriebnahme - NidexTechnology.com - Automatiz\u00e1cia | Inteligentn\u00e9 meranie","isPartOf":{"@id":"https:\/\/www.nidextechnology.com\/de\/#website"},"primaryImageOfPage":{"@id":"https:\/\/www.nidextechnology.com\/de\/dienstleistungen\/automatisierung\/inbetriebnahme\/#primaryimage"},"image":{"@id":"https:\/\/www.nidextechnology.com\/de\/dienstleistungen\/automatisierung\/inbetriebnahme\/#primaryimage"},"thumbnailUrl":"https:\/\/www.nidextechnology.com\/wp-content\/uploads\/2025\/03\/Commissioning-scaled.jpg","datePublished":"2025-02-20T23:01:56+00:00","dateModified":"2025-12-17T13:49:05+00:00","breadcrumb":{"@id":"https:\/\/www.nidextechnology.com\/de\/dienstleistungen\/automatisierung\/inbetriebnahme\/#breadcrumb"},"inLanguage":"de","potentialAction":[{"@type":"ReadAction","target":["https:\/\/www.nidextechnology.com\/de\/dienstleistungen\/automatisierung\/inbetriebnahme\/"]}]},{"@type":"ImageObject","inLanguage":"de","@id":"https:\/\/www.nidextechnology.com\/de\/dienstleistungen\/automatisierung\/inbetriebnahme\/#primaryimage","url":"https:\/\/www.nidextechnology.com\/wp-content\/uploads\/2025\/03\/Commissioning-scaled.jpg","contentUrl":"https:\/\/www.nidextechnology.com\/wp-content\/uploads\/2025\/03\/Commissioning-scaled.jpg"},{"@type":"BreadcrumbList","@id":"https:\/\/www.nidextechnology.com\/de\/dienstleistungen\/automatisierung\/inbetriebnahme\/#breadcrumb","itemListElement":[{"@type":"ListItem","position":1,"name":"Home","item":"https:\/\/www.nidextechnology.com\/de\/"},{"@type":"ListItem","position":2,"name":"Dienstleistungen","item":"https:\/\/www.nidextechnology.com\/de\/dienstleistungen\/"},{"@type":"ListItem","position":3,"name":"Automatisierung","item":"https:\/\/www.nidextechnology.com\/de\/dienstleistungen\/automatisierung\/"},{"@type":"ListItem","position":4,"name":"Inbetriebnahme"}]},{"@type":"WebSite","@id":"https:\/\/www.nidextechnology.com\/de\/#website","url":"https:\/\/www.nidextechnology.com\/de\/","name":"NidexTechnology.com - Automatiz\u00e1cia | Inteligentn\u00e9 meranie","description":"Inteligentn\u00e9 rie\u0161enia pre v\u00e1\u0161 biznis","publisher":{"@id":"https:\/\/www.nidextechnology.com\/de\/#organization"},"potentialAction":[{"@type":"SearchAction","target":{"@type":"EntryPoint","urlTemplate":"https:\/\/www.nidextechnology.com\/de\/?s={search_term_string}"},"query-input":{"@type":"PropertyValueSpecification","valueRequired":true,"valueName":"search_term_string"}}],"inLanguage":"de"},{"@type":"Organization","@id":"https:\/\/www.nidextechnology.com\/de\/#organization","name":"NidexTechnology.com - Automatiz\u00e1cia | Inteligentn\u00e9 meranie","url":"https:\/\/www.nidextechnology.com\/de\/","logo":{"@type":"ImageObject","inLanguage":"de","@id":"https:\/\/www.nidextechnology.com\/de\/#\/schema\/logo\/image\/","url":"https:\/\/www.nidextechnology.com\/wp-content\/uploads\/2025\/10\/NidexTechnology_symbol_white.svg","contentUrl":"https:\/\/www.nidextechnology.com\/wp-content\/uploads\/2025\/10\/NidexTechnology_symbol_white.svg","caption":"NidexTechnology.com - Automatiz\u00e1cia | Inteligentn\u00e9 meranie"},"image":{"@id":"https:\/\/www.nidextechnology.com\/de\/#\/schema\/logo\/image\/"}}]}},"_links":{"self":[{"href":"https:\/\/www.nidextechnology.com\/de\/wp-json\/wp\/v2\/pages\/8781","targetHints":{"allow":["GET"]}}],"collection":[{"href":"https:\/\/www.nidextechnology.com\/de\/wp-json\/wp\/v2\/pages"}],"about":[{"href":"https:\/\/www.nidextechnology.com\/de\/wp-json\/wp\/v2\/types\/page"}],"author":[{"embeddable":true,"href":"https:\/\/www.nidextechnology.com\/de\/wp-json\/wp\/v2\/users\/4"}],"replies":[{"embeddable":true,"href":"https:\/\/www.nidextechnology.com\/de\/wp-json\/wp\/v2\/comments?post=8781"}],"version-history":[{"count":0,"href":"https:\/\/www.nidextechnology.com\/de\/wp-json\/wp\/v2\/pages\/8781\/revisions"}],"up":[{"embeddable":true,"href":"https:\/\/www.nidextechnology.com\/de\/wp-json\/wp\/v2\/pages\/8775"}],"wp:attachment":[{"href":"https:\/\/www.nidextechnology.com\/de\/wp-json\/wp\/v2\/media?parent=8781"}],"curies":[{"name":"wp","href":"https:\/\/api.w.org\/{rel}","templated":true}]}}