{"id":8774,"date":"2025-02-21T00:02:16","date_gmt":"2025-02-20T23:02:16","guid":{"rendered":"https:\/\/www.nidextechnology.com\/plc-programmierung\/"},"modified":"2025-05-12T19:38:19","modified_gmt":"2025-05-12T17:38:19","slug":"plc-programmierung","status":"publish","type":"page","link":"https:\/\/www.nidextechnology.com\/de\/dienstleistungen\/automatisierung\/plc-programmierung\/","title":{"rendered":"PLC-Programmierung"},"content":{"rendered":"\t\t<div data-elementor-type=\"wp-page\" data-elementor-id=\"8774\" class=\"elementor elementor-8774 elementor-6471\" data-elementor-post-type=\"page\">\n\t\t\t\t<div class=\"elementor-element elementor-element-03ea4ea e-flex e-con-boxed e-con e-parent\" data-id=\"03ea4ea\" data-element_type=\"container\" data-e-type=\"container\">\n\t\t\t\t\t<div class=\"e-con-inner\">\n\t\t<div class=\"elementor-element elementor-element-a23471b e-con-full e-flex e-con e-child\" data-id=\"a23471b\" data-element_type=\"container\" data-e-type=\"container\">\n\t\t\t\t<div class=\"elementor-element elementor-element-9463306 elementor-invisible elementor-widget elementor-widget-heading\" data-id=\"9463306\" data-element_type=\"widget\" data-e-type=\"widget\" data-settings=\"{&quot;_animation&quot;:&quot;slideInUp&quot;}\" data-widget_type=\"heading.default\">\n\t\t\t\t<div class=\"elementor-widget-container\">\n\t\t\t\t\t<h1 class=\"elementor-heading-title elementor-size-default\">Softwarel\u00f6sungen f\u00fcr die industrielle Automatisierung<\/h1>\t\t\t\t<\/div>\n\t\t\t\t<\/div>\n\t\t\t\t<div class=\"elementor-element elementor-element-44809ae elementor-widget elementor-widget-spacer\" data-id=\"44809ae\" data-element_type=\"widget\" data-e-type=\"widget\" data-widget_type=\"spacer.default\">\n\t\t\t\t<div class=\"elementor-widget-container\">\n\t\t\t\t\t\t\t<div class=\"elementor-spacer\">\n\t\t\t<div class=\"elementor-spacer-inner\"><\/div>\n\t\t<\/div>\n\t\t\t\t\t\t<\/div>\n\t\t\t\t<\/div>\n\t\t\t\t<div class=\"elementor-element elementor-element-084b35b elementor-invisible elementor-widget elementor-widget-text-editor\" data-id=\"084b35b\" data-element_type=\"widget\" data-e-type=\"widget\" data-settings=\"{&quot;_animation&quot;:&quot;slideInUp&quot;}\" data-widget_type=\"text-editor.default\">\n\t\t\t\t<div class=\"elementor-widget-container\">\n\t\t\t\t\t\t\t\t\t<p>Wir verf\u00fcgen \u00fcber betr\u00e4chtliche Erfahrung in der Programmierung und Softwareentwicklung f\u00fcr die industrielle Automatisierung, mit besonderem Schwerpunkt auf den Umgebungen von Beckhoff (TwinCAT 3) und Siemens (TIA Portal). Bei der Entwicklung von Anwendungen legen wir nicht nur Wert auf Funktionalit\u00e4t, sondern auch auf Sicherheit, wie unsere Erfahrung mit der Programmierung von Sicherheitsl\u00f6sungen wie TwinSafe von Beckhoff beweist. <\/p>\t\t\t\t\t\t\t\t<\/div>\n\t\t\t\t<\/div>\n\t\t\t\t<div class=\"elementor-element elementor-element-59afd42 elementor-widget elementor-widget-spacer\" data-id=\"59afd42\" data-element_type=\"widget\" data-e-type=\"widget\" data-widget_type=\"spacer.default\">\n\t\t\t\t<div class=\"elementor-widget-container\">\n\t\t\t\t\t\t\t<div class=\"elementor-spacer\">\n\t\t\t<div class=\"elementor-spacer-inner\"><\/div>\n\t\t<\/div>\n\t\t\t\t\t\t<\/div>\n\t\t\t\t<\/div>\n\t\t\t\t<div class=\"elementor-element elementor-element-7d12065 elementor-invisible elementor-widget elementor-widget-text-editor\" data-id=\"7d12065\" data-element_type=\"widget\" data-e-type=\"widget\" data-settings=\"{&quot;_animation&quot;:&quot;slideInUp&quot;}\" data-widget_type=\"text-editor.default\">\n\t\t\t\t<div class=\"elementor-widget-container\">\n\t\t\t\t\t\t\t\t\t<p>Unser Mehrwert liegt auch in unserer Erfahrung mit F&amp;E-Projekten in der Batterieindustrie, wo wir nicht nur Erfahrung in der internationalen Zusammenarbeit in einem gr\u00f6\u00dferen Team haben, sondern auch in der Koordination solcher Projektgruppen.<\/p>\t\t\t\t\t\t\t\t<\/div>\n\t\t\t\t<\/div>\n\t\t\t\t<\/div>\n\t\t\t\t<div class=\"elementor-element elementor-element-ac26158 elementor-widget__width-inherit elementor-invisible elementor-widget elementor-widget-image\" data-id=\"ac26158\" data-element_type=\"widget\" data-e-type=\"widget\" data-settings=\"{&quot;_animation&quot;:&quot;slideInRight&quot;,&quot;_animation_tablet&quot;:&quot;slideInLeft&quot;}\" data-widget_type=\"image.default\">\n\t\t\t\t<div class=\"elementor-widget-container\">\n\t\t\t\t\t\t\t\t\t\t\t\t\t\t\t<img decoding=\"async\" width=\"1890\" height=\"1417\" src=\"https:\/\/www.nidextechnology.com\/wp-content\/uploads\/2025\/03\/Test1.jpg\" class=\"attachment-full size-full wp-image-8776\" alt=\"\" srcset=\"https:\/\/www.nidextechnology.com\/wp-content\/uploads\/2025\/03\/Test1.jpg 1890w, https:\/\/www.nidextechnology.com\/wp-content\/uploads\/2025\/03\/Test1-300x225.jpg 300w, https:\/\/www.nidextechnology.com\/wp-content\/uploads\/2025\/03\/Test1-1024x768.jpg 1024w, https:\/\/www.nidextechnology.com\/wp-content\/uploads\/2025\/03\/Test1-768x576.jpg 768w, https:\/\/www.nidextechnology.com\/wp-content\/uploads\/2025\/03\/Test1-1536x1152.jpg 1536w\" sizes=\"(max-width: 1890px) 100vw, 1890px\" \/>\t\t\t\t\t\t\t\t\t\t\t\t\t\t\t<\/div>\n\t\t\t\t<\/div>\n\t\t\t\t\t<\/div>\n\t\t\t\t<\/div>\n\t\t<div class=\"elementor-element elementor-element-611da8f e-flex e-con-boxed e-con e-child\" data-id=\"611da8f\" data-element_type=\"container\" data-e-type=\"container\">\n\t\t\t\t\t<div class=\"e-con-inner\">\n\t\t<div class=\"elementor-element elementor-element-17c4278 e-con-full e-flex elementor-invisible e-con e-child\" data-id=\"17c4278\" data-element_type=\"container\" data-e-type=\"container\" data-settings=\"{&quot;animation&quot;:&quot;slideInLeft&quot;}\">\n\t\t\t\t<div class=\"elementor-element elementor-element-8cdc23f elementor-widget elementor-widget-heading\" data-id=\"8cdc23f\" data-element_type=\"widget\" data-e-type=\"widget\" data-widget_type=\"heading.default\">\n\t\t\t\t<div class=\"elementor-widget-container\">\n\t\t\t\t\t<h2 class=\"elementor-heading-title elementor-size-default\">Jira, Confluence und Git<\/h2>\t\t\t\t<\/div>\n\t\t\t\t<\/div>\n\t\t\t\t<\/div>\n\t\t<div class=\"elementor-element elementor-element-ff49c2c e-con-full e-flex elementor-invisible e-con e-child\" data-id=\"ff49c2c\" data-element_type=\"container\" data-e-type=\"container\" data-settings=\"{&quot;animation&quot;:&quot;slideInUp&quot;}\">\n\t\t\t\t<div class=\"elementor-element elementor-element-76494e0 elementor-widget elementor-widget-text-editor\" data-id=\"76494e0\" data-element_type=\"widget\" data-e-type=\"widget\" data-widget_type=\"text-editor.default\">\n\t\t\t\t<div class=\"elementor-widget-container\">\n\t\t\t\t\t\t\t\t\t<p>Wir sind davon \u00fcberzeugt, dass der Erfolg in der industriellen Softwareentwicklung eng mit der sorgf\u00e4ltigen Koordination aller Beteiligten zusammenh\u00e4ngt. Deshalb kommunizieren wir konsequent mit dem Projektmanagement, der Elektrotechnik und anderen Fachabteilungen und setzen auf Tools wie Jira und Confluence f\u00fcr das Projektmanagement. Im Rahmen der Softwareentwicklung der Steuerungsanwendung verwenden wir Git zur Versionierung des Codes, um eine transparente und effiziente Zusammenarbeit mit anderen Teammitgliedern zu gew\u00e4hrleisten.  <\/p>\t\t\t\t\t\t\t\t<\/div>\n\t\t\t\t<\/div>\n\t\t\t\t<\/div>\n\t\t\t\t\t<\/div>\n\t\t\t\t<\/div>\n\t\t\t\t<\/div>\n\t\t","protected":false},"excerpt":{"rendered":"<p>Softwarel\u00f6sungen f\u00fcr die industrielle Automatisierung Wir verf\u00fcgen \u00fcber betr\u00e4chtliche Erfahrung in der Programmierung und Softwareentwicklung f\u00fcr die industrielle Automatisierung, mit besonderem Schwerpunkt auf den Umgebungen von Beckhoff (TwinCAT 3) und Siemens (TIA Portal). Bei der Entwicklung von Anwendungen legen wir nicht nur Wert auf Funktionalit\u00e4t, sondern auch auf Sicherheit, wie unsere Erfahrung mit der Programmierung&hellip;<\/p>\n","protected":false},"author":4,"featured_media":0,"parent":8775,"menu_order":0,"comment_status":"closed","ping_status":"closed","template":"","meta":{"footnotes":""},"class_list":["post-8774","page","type-page","status-publish","hentry"],"yoast_head":"<!-- This site is optimized with the Yoast SEO plugin v27.5 - https:\/\/yoast.com\/product\/yoast-seo-wordpress\/ -->\n<title>PLC-Programmierung - NidexTechnology.com - Automatiz\u00e1cia | Inteligentn\u00e9 meranie<\/title>\n<meta name=\"robots\" content=\"index, follow, max-snippet:-1, max-image-preview:large, max-video-preview:-1\" \/>\n<link rel=\"canonical\" href=\"https:\/\/www.nidextechnology.com\/de\/dienstleistungen\/automatisierung\/plc-programmierung\/\" \/>\n<meta property=\"og:locale\" content=\"de_DE\" \/>\n<meta property=\"og:type\" content=\"article\" \/>\n<meta property=\"og:title\" content=\"PLC-Programmierung - NidexTechnology.com - Automatiz\u00e1cia | Inteligentn\u00e9 meranie\" \/>\n<meta property=\"og:description\" content=\"Softwarel\u00f6sungen f\u00fcr die industrielle Automatisierung Wir verf\u00fcgen \u00fcber betr\u00e4chtliche Erfahrung in der Programmierung und Softwareentwicklung f\u00fcr die industrielle Automatisierung, mit besonderem Schwerpunkt auf den Umgebungen von Beckhoff (TwinCAT 3) und Siemens (TIA Portal). Bei der Entwicklung von Anwendungen legen wir nicht nur Wert auf Funktionalit\u00e4t, sondern auch auf Sicherheit, wie unsere Erfahrung mit der Programmierung&hellip;\" \/>\n<meta property=\"og:url\" content=\"https:\/\/www.nidextechnology.com\/de\/dienstleistungen\/automatisierung\/plc-programmierung\/\" \/>\n<meta property=\"og:site_name\" content=\"NidexTechnology.com - Automatiz\u00e1cia | Inteligentn\u00e9 meranie\" \/>\n<meta property=\"article:modified_time\" content=\"2025-05-12T17:38:19+00:00\" \/>\n<meta property=\"og:image\" content=\"https:\/\/www.nidextechnology.com\/wp-content\/uploads\/2025\/03\/Test1.jpg\" \/>\n\t<meta property=\"og:image:width\" content=\"1890\" \/>\n\t<meta property=\"og:image:height\" content=\"1417\" \/>\n\t<meta property=\"og:image:type\" content=\"image\/jpeg\" \/>\n<meta name=\"twitter:card\" content=\"summary_large_image\" \/>\n<meta name=\"twitter:label1\" content=\"Gesch\u00e4tzte Lesezeit\" \/>\n\t<meta name=\"twitter:data1\" content=\"1\u00a0Minute\" \/>\n<script type=\"application\/ld+json\" class=\"yoast-schema-graph\">{\"@context\":\"https:\\\/\\\/schema.org\",\"@graph\":[{\"@type\":\"WebPage\",\"@id\":\"https:\\\/\\\/www.nidextechnology.com\\\/de\\\/dienstleistungen\\\/automatisierung\\\/plc-programmierung\\\/\",\"url\":\"https:\\\/\\\/www.nidextechnology.com\\\/de\\\/dienstleistungen\\\/automatisierung\\\/plc-programmierung\\\/\",\"name\":\"PLC-Programmierung - NidexTechnology.com - Automatiz\u00e1cia | Inteligentn\u00e9 meranie\",\"isPartOf\":{\"@id\":\"https:\\\/\\\/www.nidextechnology.com\\\/de\\\/#website\"},\"primaryImageOfPage\":{\"@id\":\"https:\\\/\\\/www.nidextechnology.com\\\/de\\\/dienstleistungen\\\/automatisierung\\\/plc-programmierung\\\/#primaryimage\"},\"image\":{\"@id\":\"https:\\\/\\\/www.nidextechnology.com\\\/de\\\/dienstleistungen\\\/automatisierung\\\/plc-programmierung\\\/#primaryimage\"},\"thumbnailUrl\":\"https:\\\/\\\/www.nidextechnology.com\\\/wp-content\\\/uploads\\\/2025\\\/03\\\/Test1.jpg\",\"datePublished\":\"2025-02-20T23:02:16+00:00\",\"dateModified\":\"2025-05-12T17:38:19+00:00\",\"breadcrumb\":{\"@id\":\"https:\\\/\\\/www.nidextechnology.com\\\/de\\\/dienstleistungen\\\/automatisierung\\\/plc-programmierung\\\/#breadcrumb\"},\"inLanguage\":\"de\",\"potentialAction\":[{\"@type\":\"ReadAction\",\"target\":[\"https:\\\/\\\/www.nidextechnology.com\\\/de\\\/dienstleistungen\\\/automatisierung\\\/plc-programmierung\\\/\"]}]},{\"@type\":\"ImageObject\",\"inLanguage\":\"de\",\"@id\":\"https:\\\/\\\/www.nidextechnology.com\\\/de\\\/dienstleistungen\\\/automatisierung\\\/plc-programmierung\\\/#primaryimage\",\"url\":\"https:\\\/\\\/www.nidextechnology.com\\\/wp-content\\\/uploads\\\/2025\\\/03\\\/Test1.jpg\",\"contentUrl\":\"https:\\\/\\\/www.nidextechnology.com\\\/wp-content\\\/uploads\\\/2025\\\/03\\\/Test1.jpg\"},{\"@type\":\"BreadcrumbList\",\"@id\":\"https:\\\/\\\/www.nidextechnology.com\\\/de\\\/dienstleistungen\\\/automatisierung\\\/plc-programmierung\\\/#breadcrumb\",\"itemListElement\":[{\"@type\":\"ListItem\",\"position\":1,\"name\":\"Home\",\"item\":\"https:\\\/\\\/www.nidextechnology.com\\\/de\\\/\"},{\"@type\":\"ListItem\",\"position\":2,\"name\":\"PLC-Programmierung\"}]},{\"@type\":\"WebSite\",\"@id\":\"https:\\\/\\\/www.nidextechnology.com\\\/de\\\/#website\",\"url\":\"https:\\\/\\\/www.nidextechnology.com\\\/de\\\/\",\"name\":\"NidexTechnology.com - Automatiz\u00e1cia | Inteligentn\u00e9 meranie\",\"description\":\"Inteligentn\u00e9 rie\u0161enia pre v\u00e1\u0161 biznis\",\"publisher\":{\"@id\":\"https:\\\/\\\/www.nidextechnology.com\\\/de\\\/#organization\"},\"potentialAction\":[{\"@type\":\"SearchAction\",\"target\":{\"@type\":\"EntryPoint\",\"urlTemplate\":\"https:\\\/\\\/www.nidextechnology.com\\\/de\\\/?s={search_term_string}\"},\"query-input\":{\"@type\":\"PropertyValueSpecification\",\"valueRequired\":true,\"valueName\":\"search_term_string\"}}],\"inLanguage\":\"de\"},{\"@type\":\"Organization\",\"@id\":\"https:\\\/\\\/www.nidextechnology.com\\\/de\\\/#organization\",\"name\":\"NidexTechnology.com - Automatiz\u00e1cia | Inteligentn\u00e9 meranie\",\"url\":\"https:\\\/\\\/www.nidextechnology.com\\\/de\\\/\",\"logo\":{\"@type\":\"ImageObject\",\"inLanguage\":\"de\",\"@id\":\"https:\\\/\\\/www.nidextechnology.com\\\/de\\\/#\\\/schema\\\/logo\\\/image\\\/\",\"url\":\"https:\\\/\\\/www.nidextechnology.com\\\/wp-content\\\/uploads\\\/2025\\\/10\\\/NidexTechnology_symbol_white.svg\",\"contentUrl\":\"https:\\\/\\\/www.nidextechnology.com\\\/wp-content\\\/uploads\\\/2025\\\/10\\\/NidexTechnology_symbol_white.svg\",\"caption\":\"NidexTechnology.com - Automatiz\u00e1cia | Inteligentn\u00e9 meranie\"},\"image\":{\"@id\":\"https:\\\/\\\/www.nidextechnology.com\\\/de\\\/#\\\/schema\\\/logo\\\/image\\\/\"}}]}<\/script>\n<!-- \/ Yoast SEO plugin. -->","yoast_head_json":{"title":"PLC-Programmierung - NidexTechnology.com - Automatiz\u00e1cia | Inteligentn\u00e9 meranie","robots":{"index":"index","follow":"follow","max-snippet":"max-snippet:-1","max-image-preview":"max-image-preview:large","max-video-preview":"max-video-preview:-1"},"canonical":"https:\/\/www.nidextechnology.com\/de\/dienstleistungen\/automatisierung\/plc-programmierung\/","og_locale":"de_DE","og_type":"article","og_title":"PLC-Programmierung - NidexTechnology.com - Automatiz\u00e1cia | Inteligentn\u00e9 meranie","og_description":"Softwarel\u00f6sungen f\u00fcr die industrielle Automatisierung Wir verf\u00fcgen \u00fcber betr\u00e4chtliche Erfahrung in der Programmierung und Softwareentwicklung f\u00fcr die industrielle Automatisierung, mit besonderem Schwerpunkt auf den Umgebungen von Beckhoff (TwinCAT 3) und Siemens (TIA Portal). Bei der Entwicklung von Anwendungen legen wir nicht nur Wert auf Funktionalit\u00e4t, sondern auch auf Sicherheit, wie unsere Erfahrung mit der Programmierung&hellip;","og_url":"https:\/\/www.nidextechnology.com\/de\/dienstleistungen\/automatisierung\/plc-programmierung\/","og_site_name":"NidexTechnology.com - Automatiz\u00e1cia | Inteligentn\u00e9 meranie","article_modified_time":"2025-05-12T17:38:19+00:00","og_image":[{"width":1890,"height":1417,"url":"https:\/\/www.nidextechnology.com\/wp-content\/uploads\/2025\/03\/Test1.jpg","type":"image\/jpeg"}],"twitter_card":"summary_large_image","twitter_misc":{"Gesch\u00e4tzte Lesezeit":"1\u00a0Minute"},"schema":{"@context":"https:\/\/schema.org","@graph":[{"@type":"WebPage","@id":"https:\/\/www.nidextechnology.com\/de\/dienstleistungen\/automatisierung\/plc-programmierung\/","url":"https:\/\/www.nidextechnology.com\/de\/dienstleistungen\/automatisierung\/plc-programmierung\/","name":"PLC-Programmierung - NidexTechnology.com - Automatiz\u00e1cia | Inteligentn\u00e9 meranie","isPartOf":{"@id":"https:\/\/www.nidextechnology.com\/de\/#website"},"primaryImageOfPage":{"@id":"https:\/\/www.nidextechnology.com\/de\/dienstleistungen\/automatisierung\/plc-programmierung\/#primaryimage"},"image":{"@id":"https:\/\/www.nidextechnology.com\/de\/dienstleistungen\/automatisierung\/plc-programmierung\/#primaryimage"},"thumbnailUrl":"https:\/\/www.nidextechnology.com\/wp-content\/uploads\/2025\/03\/Test1.jpg","datePublished":"2025-02-20T23:02:16+00:00","dateModified":"2025-05-12T17:38:19+00:00","breadcrumb":{"@id":"https:\/\/www.nidextechnology.com\/de\/dienstleistungen\/automatisierung\/plc-programmierung\/#breadcrumb"},"inLanguage":"de","potentialAction":[{"@type":"ReadAction","target":["https:\/\/www.nidextechnology.com\/de\/dienstleistungen\/automatisierung\/plc-programmierung\/"]}]},{"@type":"ImageObject","inLanguage":"de","@id":"https:\/\/www.nidextechnology.com\/de\/dienstleistungen\/automatisierung\/plc-programmierung\/#primaryimage","url":"https:\/\/www.nidextechnology.com\/wp-content\/uploads\/2025\/03\/Test1.jpg","contentUrl":"https:\/\/www.nidextechnology.com\/wp-content\/uploads\/2025\/03\/Test1.jpg"},{"@type":"BreadcrumbList","@id":"https:\/\/www.nidextechnology.com\/de\/dienstleistungen\/automatisierung\/plc-programmierung\/#breadcrumb","itemListElement":[{"@type":"ListItem","position":1,"name":"Home","item":"https:\/\/www.nidextechnology.com\/de\/"},{"@type":"ListItem","position":2,"name":"PLC-Programmierung"}]},{"@type":"WebSite","@id":"https:\/\/www.nidextechnology.com\/de\/#website","url":"https:\/\/www.nidextechnology.com\/de\/","name":"NidexTechnology.com - Automatiz\u00e1cia | Inteligentn\u00e9 meranie","description":"Inteligentn\u00e9 rie\u0161enia pre v\u00e1\u0161 biznis","publisher":{"@id":"https:\/\/www.nidextechnology.com\/de\/#organization"},"potentialAction":[{"@type":"SearchAction","target":{"@type":"EntryPoint","urlTemplate":"https:\/\/www.nidextechnology.com\/de\/?s={search_term_string}"},"query-input":{"@type":"PropertyValueSpecification","valueRequired":true,"valueName":"search_term_string"}}],"inLanguage":"de"},{"@type":"Organization","@id":"https:\/\/www.nidextechnology.com\/de\/#organization","name":"NidexTechnology.com - Automatiz\u00e1cia | Inteligentn\u00e9 meranie","url":"https:\/\/www.nidextechnology.com\/de\/","logo":{"@type":"ImageObject","inLanguage":"de","@id":"https:\/\/www.nidextechnology.com\/de\/#\/schema\/logo\/image\/","url":"https:\/\/www.nidextechnology.com\/wp-content\/uploads\/2025\/10\/NidexTechnology_symbol_white.svg","contentUrl":"https:\/\/www.nidextechnology.com\/wp-content\/uploads\/2025\/10\/NidexTechnology_symbol_white.svg","caption":"NidexTechnology.com - Automatiz\u00e1cia | Inteligentn\u00e9 meranie"},"image":{"@id":"https:\/\/www.nidextechnology.com\/de\/#\/schema\/logo\/image\/"}}]}},"_links":{"self":[{"href":"https:\/\/www.nidextechnology.com\/de\/wp-json\/wp\/v2\/pages\/8774","targetHints":{"allow":["GET"]}}],"collection":[{"href":"https:\/\/www.nidextechnology.com\/de\/wp-json\/wp\/v2\/pages"}],"about":[{"href":"https:\/\/www.nidextechnology.com\/de\/wp-json\/wp\/v2\/types\/page"}],"author":[{"embeddable":true,"href":"https:\/\/www.nidextechnology.com\/de\/wp-json\/wp\/v2\/users\/4"}],"replies":[{"embeddable":true,"href":"https:\/\/www.nidextechnology.com\/de\/wp-json\/wp\/v2\/comments?post=8774"}],"version-history":[{"count":0,"href":"https:\/\/www.nidextechnology.com\/de\/wp-json\/wp\/v2\/pages\/8774\/revisions"}],"up":[{"embeddable":true,"href":"https:\/\/www.nidextechnology.com\/de\/wp-json\/wp\/v2\/pages\/8775"}],"wp:attachment":[{"href":"https:\/\/www.nidextechnology.com\/de\/wp-json\/wp\/v2\/media?parent=8774"}],"curies":[{"name":"wp","href":"https:\/\/api.w.org\/{rel}","templated":true}]}}